{"id":599,"date":"2025-01-31T19:48:18","date_gmt":"2025-01-31T18:48:18","guid":{"rendered":"https:\/\/hallasvilagnapja.hu\/cookie-policy-eu\/"},"modified":"2025-01-31T20:17:42","modified_gmt":"2025-01-31T19:17:42","slug":"cookie-policy-eu","status":"publish","type":"page","link":"https:\/\/hallasvilagnapja.hu\/hvn\/cookie-policy-eu\/","title":{"rendered":"S\u00fcti Szab\u00e1lyzat"},"content":{"rendered":"\t\t<div data-elementor-type=\"wp-page\" data-elementor-id=\"599\" class=\"elementor elementor-599\" data-elementor-post-type=\"page\">\n\t\t\t\t<div class=\"elementor-element elementor-element-252f4be9 e-flex e-con-boxed e-con e-parent\" data-id=\"252f4be9\" data-element_type=\"container\" data-e-type=\"container\">\n\t\t\t\t\t<div class=\"e-con-inner\">\n\t\t<div class=\"elementor-element elementor-element-e029f73 e-con-full e-flex e-con e-child\" data-id=\"e029f73\" data-element_type=\"container\" data-e-type=\"container\">\n\t\t\t\t<div class=\"elementor-element elementor-element-b6ca124 elementor-widget elementor-widget-text-editor\" data-id=\"b6ca124\" data-element_type=\"widget\" data-e-type=\"widget\" data-widget_type=\"text-editor.default\">\n\t\t\t\t<div class=\"elementor-widget-container\">\n\t\t\t\t\t\t\t\t\t<p>Ez a S\u00fcti Szab\u00e1lyzat utolj\u00e1ra 2025-01-31-\u00e9n friss\u00fclt, \u00e9s az Eur\u00f3pai Gazdas\u00e1gi T\u00e9rs\u00e9g \u00e9s Sv\u00e1jc \u00e1llampolg\u00e1raira \u00e9s jogszer\u0171 \u00e1lland\u00f3 lakosaira vonatkozik.<\/p><h2>1. Bevezet\u00e9s<\/h2><p>A weboldalunk, <a href=\"https:\/\/hallasvilagnapja.hu\/hvn\">https:\/\/hallasvilagnapja.hu\/hvn<\/a> (a tov\u00e1bbiakban: \u201eweboldal\u201d) s\u00fctiket \u00e9s egy\u00e9b kapcsol\u00f3d\u00f3 technol\u00f3gi\u00e1kat haszn\u00e1l. Ezeket a technol\u00f3gi\u00e1kat \u00f6sszefoglal\u00f3an \u201es\u00fctiknek\u201d nevezz\u00fck. A s\u00fctiket harmadik felek is elhelyezhetik. Az al\u00e1bbi dokumentumban t\u00e1j\u00e9koztat\u00e1st ny\u00fajtunk a s\u00fctik haszn\u00e1lat\u00e1r\u00f3l.<\/p><h2>2. Mik azok a s\u00fctik?<\/h2><p>A s\u00fcti egy egyszer\u0171 kis f\u00e1jl, amelyet a weboldal oldalai k\u00fcldenek el, \u00e9s amelyet a b\u00f6ng\u00e9sz\u0151 t\u00e1rol az eszk\u00f6z\u00f6d\u00f6n. A s\u00fctik lehet\u0151v\u00e9 teszik, hogy az oldal felismerje a felhaszn\u00e1l\u00f3t \u00e9s megjegyezze a be\u00e1ll\u00edt\u00e1sokat.<\/p><h2>3. Mik azok a szkriptek?<\/h2><p>A szkript egy programk\u00f3dr\u00e9szlet, amely biztos\u00edtja a weboldal megfelel\u0151 \u00e9s interakt\u00edv m\u0171k\u00f6d\u00e9s\u00e9t. Ezek a k\u00f3dok a szerveren vagy az eszk\u00f6z\u00f6d\u00f6n futnak.<\/p><h2>4. Mi az a web beacon?<\/h2><p>A web beacon (vagy pixel tag) egy kism\u00e9ret\u0171, l\u00e1thatatlan sz\u00f6veg vagy k\u00e9p, amely a weboldal forgalm\u00e1nak k\u00f6vet\u00e9s\u00e9re szolg\u00e1l.<\/p><h2>5. S\u00fctik<\/h2><h3>5.1 Technikai vagy funkcion\u00e1lis s\u00fctik<\/h3><p>Ezek a s\u00fctik biztos\u00edtj\u00e1k, hogy az oldal megfelel\u0151en m\u0171k\u00f6dj\u00f6n, \u00e9s megjegyzik a felhaszn\u00e1l\u00f3i be\u00e1ll\u00edt\u00e1sokat. Ezek elhelyez\u00e9s\u00e9hez nincs sz\u00fcks\u00e9g hozz\u00e1j\u00e1rul\u00e1sra.<\/p><h3>5.2 Marketing\/K\u00f6vet\u00e9si s\u00fctik<\/h3><p>Ezek a s\u00fctik lehet\u0151v\u00e9 teszik a felhaszn\u00e1l\u00f3k nyomon k\u00f6vet\u00e9s\u00e9t, hogy c\u00e9lzott hirdet\u00e9seket jelen\u00edthess\u00fcnk meg.<\/p><h3>5.3 K\u00f6z\u00f6ss\u00e9gi m\u00e9dia<\/h3><p>A weboldalon Facebook tartalmak tal\u00e1lhat\u00f3k, amelyek s\u00fctiket helyezhetnek el. Ezekkel a Facebook szem\u00e9lyre szabott hirdet\u00e9seket jelen\u00edthet meg.<\/p><h2>6. Elhelyezett s\u00fctik<\/h2><p>A weboldalunkon a k\u00f6vetkez\u0151 s\u00fctiket haszn\u00e1ljuk:<\/p><ul><li>Elementor \u2013 Statisztika<\/li><li>WordPress \u2013 Funkcion\u00e1lis<\/li><li>Google Fonts \u2013 Webfontok<\/li><li>Google Maps \u2013 T\u00e9rk\u00e9pszolg\u00e1ltat\u00e1s<\/li><li>YouTube \u2013 Vide\u00f3k<\/li><li>Facebook \u2013 K\u00f6z\u00f6ss\u00e9gi tartalmak<\/li><\/ul><h2>7. Hozz\u00e1j\u00e1rul\u00e1s<\/h2><p>Els\u0151 l\u00e1togat\u00e1skor egy felugr\u00f3 ablakban t\u00e1j\u00e9koztatunk a s\u00fctik haszn\u00e1lat\u00e1r\u00f3l. A hozz\u00e1j\u00e1rul\u00e1s ut\u00e1n a kiv\u00e1lasztott s\u00fctik \u00e9rv\u00e9nybe l\u00e9pnek.<\/p><h2>8. S\u00fctik enged\u00e9lyez\u00e9se, tilt\u00e1sa \u00e9s t\u00f6rl\u00e9se<\/h2><p>A b\u00f6ng\u00e9sz\u0151 be\u00e1ll\u00edt\u00e1saiban m\u00f3dos\u00edthatod a s\u00fctik kezel\u00e9s\u00e9t. Ha letiltod \u0151ket, el\u0151fordulhat, hogy az oldal nem m\u0171k\u00f6dik megfelel\u0151en.<\/p><h2>9. Adatv\u00e9delmi jogok<\/h2><ul><li>Jogod van tudni, hogy milyen adatokat gy\u0171jt\u00fcnk \u00e9s meddig t\u00e1roljuk.<\/li><li>Hozz\u00e1f\u00e9rhetsz az adataidhoz.<\/li><li>K\u00e9rheted azok m\u00f3dos\u00edt\u00e1s\u00e1t vagy t\u00f6rl\u00e9s\u00e9t.<\/li><li>Visszavonhatod az adatkezel\u00e9si hozz\u00e1j\u00e1rul\u00e1sodat.<\/li><li>K\u00e9rheted adataid \u00e1tvitel\u00e9t.<\/li><li>Tiltakozhatsz az adatkezel\u00e9s ellen.<\/li><\/ul><h2>10. Kapcsolat<\/h2><p>Ha k\u00e9rd\u00e9sed van, l\u00e9pj kapcsolatba vel\u00fcnk:<\/p><p>\u201eA Hall\u00e1s T\u00e1rsas\u00e1ga\u201d Alap\u00edtv\u00e1ny<\/p><p>3324 Fels\u0151t\u00e1rk\u00e1ny, G\u00e1rdonyi G\u00e9za utca 47.<\/p><p>Weboldal: <a href=\"https:\/\/hallasvilagnapja.hu\/hvn\">https:\/\/hallasvilagnapja.hu\/hvn<\/a><\/p><p>Email: <a href=\"mailto:info@hallasvilagnapja.hu\">info@hallasvilagnapja.hu<\/a><\/p><p>Telefon: +36706482600<\/p>\t\t\t\t\t\t\t\t<\/div>\n\t\t\t\t<\/div>\n\t\t\t\t<\/div>\n\t\t\t\t\t<\/div>\n\t\t\t\t<\/div>\n\t\t\t\t<\/div>\n\t\t","protected":false},"excerpt":{"rendered":"<p>Ez a S\u00fcti Szab\u00e1lyzat utolj\u00e1ra 2025-01-31-\u00e9n friss\u00fclt, \u00e9s az Eur\u00f3pai Gazdas\u00e1gi T\u00e9rs\u00e9g \u00e9s Sv\u00e1jc \u00e1llampolg\u00e1raira \u00e9s jogszer\u0171 \u00e1lland\u00f3 lakosaira vonatkozik. 1. Bevezet\u00e9s A weboldalunk, https:\/\/hallasvilagnapja.hu\/hvn (a tov\u00e1bbiakban: \u201eweboldal\u201d) s\u00fctiket \u00e9s egy\u00e9b kapcsol\u00f3d\u00f3 technol\u00f3gi\u00e1kat haszn\u00e1l. Ezeket a technol\u00f3gi\u00e1kat \u00f6sszefoglal\u00f3an \u201es\u00fctiknek\u201d nevezz\u00fck. A s\u00fctiket harmadik felek is elhelyezhetik. Az al\u00e1bbi dokumentumban t\u00e1j\u00e9koztat\u00e1st ny\u00fajtunk a s\u00fctik haszn\u00e1lat\u00e1r\u00f3l. 2. [&hellip;]<\/p>\n","protected":false},"author":1,"featured_media":0,"parent":0,"menu_order":0,"comment_status":"closed","ping_status":"closed","template":"","meta":{"footnotes":""},"class_list":["post-599","page","type-page","status-publish","hentry"],"yoast_head":"<!-- This site is optimized with the Yoast SEO Premium plugin v27.4 (Yoast SEO v27.4) - https:\/\/yoast.com\/product\/yoast-seo-premium-wordpress\/ -->\n<title>S\u00fcti Szab\u00e1lyzat - Hall\u00e1s Vil\u00e1gnapja<\/title>\n<meta name=\"robots\" content=\"index, follow, max-snippet:-1, max-image-preview:large, max-video-preview:-1\" \/>\n<link rel=\"canonical\" href=\"https:\/\/hallasvilagnapja.hu\/hvn\/cookie-policy-eu\/\" \/>\n<meta property=\"og:locale\" content=\"hu_HU\" \/>\n<meta property=\"og:type\" content=\"article\" \/>\n<meta property=\"og:title\" content=\"S\u00fcti Szab\u00e1lyzat\" \/>\n<meta property=\"og:description\" content=\"Ez a S\u00fcti Szab\u00e1lyzat utolj\u00e1ra 2025-01-31-\u00e9n friss\u00fclt, \u00e9s az Eur\u00f3pai Gazdas\u00e1gi T\u00e9rs\u00e9g \u00e9s Sv\u00e1jc \u00e1llampolg\u00e1raira \u00e9s jogszer\u0171 \u00e1lland\u00f3 lakosaira vonatkozik. 1. Bevezet\u00e9s A weboldalunk, https:\/\/hallasvilagnapja.hu\/hvn (a tov\u00e1bbiakban: \u201eweboldal\u201d) s\u00fctiket \u00e9s egy\u00e9b kapcsol\u00f3d\u00f3 technol\u00f3gi\u00e1kat haszn\u00e1l. Ezeket a technol\u00f3gi\u00e1kat \u00f6sszefoglal\u00f3an \u201es\u00fctiknek\u201d nevezz\u00fck. A s\u00fctiket harmadik felek is elhelyezhetik. Az al\u00e1bbi dokumentumban t\u00e1j\u00e9koztat\u00e1st ny\u00fajtunk a s\u00fctik haszn\u00e1lat\u00e1r\u00f3l. 2. [&hellip;]\" \/>\n<meta property=\"og:url\" content=\"https:\/\/hallasvilagnapja.hu\/hvn\/cookie-policy-eu\/\" \/>\n<meta property=\"og:site_name\" content=\"Hall\u00e1s Vil\u00e1gnapja\" \/>\n<meta property=\"article:modified_time\" content=\"2025-01-31T19:17:42+00:00\" \/>\n<meta name=\"twitter:card\" content=\"summary_large_image\" \/>\n<meta name=\"twitter:label1\" content=\"Becs\u00fclt olvas\u00e1si id\u0151\" \/>\n\t<meta name=\"twitter:data1\" content=\"2 perc\" \/>\n<script type=\"application\/ld+json\" class=\"yoast-schema-graph\">{\"@context\":\"https:\\\/\\\/schema.org\",\"@graph\":[{\"@type\":\"WebPage\",\"@id\":\"https:\\\/\\\/hallasvilagnapja.hu\\\/hvn\\\/cookie-policy-eu\\\/\",\"url\":\"https:\\\/\\\/hallasvilagnapja.hu\\\/hvn\\\/cookie-policy-eu\\\/\",\"name\":\"S\u00fcti Szab\u00e1lyzat - Hall\u00e1s Vil\u00e1gnapja\",\"isPartOf\":{\"@id\":\"https:\\\/\\\/hallasvilagnapja.hu\\\/hvn\\\/#website\"},\"datePublished\":\"2025-01-31T18:48:18+00:00\",\"dateModified\":\"2025-01-31T19:17:42+00:00\",\"breadcrumb\":{\"@id\":\"https:\\\/\\\/hallasvilagnapja.hu\\\/hvn\\\/cookie-policy-eu\\\/#breadcrumb\"},\"inLanguage\":\"hu\",\"potentialAction\":[{\"@type\":\"ReadAction\",\"target\":[\"https:\\\/\\\/hallasvilagnapja.hu\\\/hvn\\\/cookie-policy-eu\\\/\"]}]},{\"@type\":\"BreadcrumbList\",\"@id\":\"https:\\\/\\\/hallasvilagnapja.hu\\\/hvn\\\/cookie-policy-eu\\\/#breadcrumb\",\"itemListElement\":[{\"@type\":\"ListItem\",\"position\":1,\"name\":\"Home\",\"item\":\"https:\\\/\\\/hallasvilagnapja.hu\\\/hvn\\\/\"},{\"@type\":\"ListItem\",\"position\":2,\"name\":\"S\u00fcti Szab\u00e1lyzat\"}]},{\"@type\":\"WebSite\",\"@id\":\"https:\\\/\\\/hallasvilagnapja.hu\\\/hvn\\\/#website\",\"url\":\"https:\\\/\\\/hallasvilagnapja.hu\\\/hvn\\\/\",\"name\":\"Hall\u00e1s Vil\u00e1gnapja\",\"description\":\"Legyen a f\u00fcl- \u00e9s hall\u00e1sgondoz\u00e1s  mindenki sz\u00e1m\u00e1ra val\u00f3s\u00e1g!\",\"publisher\":{\"@id\":\"https:\\\/\\\/hallasvilagnapja.hu\\\/hvn\\\/#organization\"},\"potentialAction\":[{\"@type\":\"SearchAction\",\"target\":{\"@type\":\"EntryPoint\",\"urlTemplate\":\"https:\\\/\\\/hallasvilagnapja.hu\\\/hvn\\\/?s={search_term_string}\"},\"query-input\":{\"@type\":\"PropertyValueSpecification\",\"valueRequired\":true,\"valueName\":\"search_term_string\"}}],\"inLanguage\":\"hu\"},{\"@type\":\"Organization\",\"@id\":\"https:\\\/\\\/hallasvilagnapja.hu\\\/hvn\\\/#organization\",\"name\":\"Hall\u00e1s Vil\u00e1gnapja\",\"url\":\"https:\\\/\\\/hallasvilagnapja.hu\\\/hvn\\\/\",\"logo\":{\"@type\":\"ImageObject\",\"inLanguage\":\"hu\",\"@id\":\"https:\\\/\\\/hallasvilagnapja.hu\\\/hvn\\\/#\\\/schema\\\/logo\\\/image\\\/\",\"url\":\"https:\\\/\\\/hallasvilagnapja.hu\\\/hvn\\\/wp-content\\\/uploads\\\/2025\\\/01\\\/cropped-cropped-Hallas-vilagnapja-logo.png\",\"contentUrl\":\"https:\\\/\\\/hallasvilagnapja.hu\\\/hvn\\\/wp-content\\\/uploads\\\/2025\\\/01\\\/cropped-cropped-Hallas-vilagnapja-logo.png\",\"width\":800,\"height\":800,\"caption\":\"Hall\u00e1s Vil\u00e1gnapja\"},\"image\":{\"@id\":\"https:\\\/\\\/hallasvilagnapja.hu\\\/hvn\\\/#\\\/schema\\\/logo\\\/image\\\/\"}}]}<\/script>\n<!-- \/ Yoast SEO Premium plugin. -->","yoast_head_json":{"title":"S\u00fcti Szab\u00e1lyzat - Hall\u00e1s Vil\u00e1gnapja","robots":{"index":"index","follow":"follow","max-snippet":"max-snippet:-1","max-image-preview":"max-image-preview:large","max-video-preview":"max-video-preview:-1"},"canonical":"https:\/\/hallasvilagnapja.hu\/hvn\/cookie-policy-eu\/","og_locale":"hu_HU","og_type":"article","og_title":"S\u00fcti Szab\u00e1lyzat","og_description":"Ez a S\u00fcti Szab\u00e1lyzat utolj\u00e1ra 2025-01-31-\u00e9n friss\u00fclt, \u00e9s az Eur\u00f3pai Gazdas\u00e1gi T\u00e9rs\u00e9g \u00e9s Sv\u00e1jc \u00e1llampolg\u00e1raira \u00e9s jogszer\u0171 \u00e1lland\u00f3 lakosaira vonatkozik. 1. Bevezet\u00e9s A weboldalunk, https:\/\/hallasvilagnapja.hu\/hvn (a tov\u00e1bbiakban: \u201eweboldal\u201d) s\u00fctiket \u00e9s egy\u00e9b kapcsol\u00f3d\u00f3 technol\u00f3gi\u00e1kat haszn\u00e1l. Ezeket a technol\u00f3gi\u00e1kat \u00f6sszefoglal\u00f3an \u201es\u00fctiknek\u201d nevezz\u00fck. A s\u00fctiket harmadik felek is elhelyezhetik. Az al\u00e1bbi dokumentumban t\u00e1j\u00e9koztat\u00e1st ny\u00fajtunk a s\u00fctik haszn\u00e1lat\u00e1r\u00f3l. 2. [&hellip;]","og_url":"https:\/\/hallasvilagnapja.hu\/hvn\/cookie-policy-eu\/","og_site_name":"Hall\u00e1s Vil\u00e1gnapja","article_modified_time":"2025-01-31T19:17:42+00:00","twitter_card":"summary_large_image","twitter_misc":{"Becs\u00fclt olvas\u00e1si id\u0151":"2 perc"},"schema":{"@context":"https:\/\/schema.org","@graph":[{"@type":"WebPage","@id":"https:\/\/hallasvilagnapja.hu\/hvn\/cookie-policy-eu\/","url":"https:\/\/hallasvilagnapja.hu\/hvn\/cookie-policy-eu\/","name":"S\u00fcti Szab\u00e1lyzat - Hall\u00e1s Vil\u00e1gnapja","isPartOf":{"@id":"https:\/\/hallasvilagnapja.hu\/hvn\/#website"},"datePublished":"2025-01-31T18:48:18+00:00","dateModified":"2025-01-31T19:17:42+00:00","breadcrumb":{"@id":"https:\/\/hallasvilagnapja.hu\/hvn\/cookie-policy-eu\/#breadcrumb"},"inLanguage":"hu","potentialAction":[{"@type":"ReadAction","target":["https:\/\/hallasvilagnapja.hu\/hvn\/cookie-policy-eu\/"]}]},{"@type":"BreadcrumbList","@id":"https:\/\/hallasvilagnapja.hu\/hvn\/cookie-policy-eu\/#breadcrumb","itemListElement":[{"@type":"ListItem","position":1,"name":"Home","item":"https:\/\/hallasvilagnapja.hu\/hvn\/"},{"@type":"ListItem","position":2,"name":"S\u00fcti Szab\u00e1lyzat"}]},{"@type":"WebSite","@id":"https:\/\/hallasvilagnapja.hu\/hvn\/#website","url":"https:\/\/hallasvilagnapja.hu\/hvn\/","name":"Hall\u00e1s Vil\u00e1gnapja","description":"Legyen a f\u00fcl- \u00e9s hall\u00e1sgondoz\u00e1s  mindenki sz\u00e1m\u00e1ra val\u00f3s\u00e1g!","publisher":{"@id":"https:\/\/hallasvilagnapja.hu\/hvn\/#organization"},"potentialAction":[{"@type":"SearchAction","target":{"@type":"EntryPoint","urlTemplate":"https:\/\/hallasvilagnapja.hu\/hvn\/?s={search_term_string}"},"query-input":{"@type":"PropertyValueSpecification","valueRequired":true,"valueName":"search_term_string"}}],"inLanguage":"hu"},{"@type":"Organization","@id":"https:\/\/hallasvilagnapja.hu\/hvn\/#organization","name":"Hall\u00e1s Vil\u00e1gnapja","url":"https:\/\/hallasvilagnapja.hu\/hvn\/","logo":{"@type":"ImageObject","inLanguage":"hu","@id":"https:\/\/hallasvilagnapja.hu\/hvn\/#\/schema\/logo\/image\/","url":"https:\/\/hallasvilagnapja.hu\/hvn\/wp-content\/uploads\/2025\/01\/cropped-cropped-Hallas-vilagnapja-logo.png","contentUrl":"https:\/\/hallasvilagnapja.hu\/hvn\/wp-content\/uploads\/2025\/01\/cropped-cropped-Hallas-vilagnapja-logo.png","width":800,"height":800,"caption":"Hall\u00e1s Vil\u00e1gnapja"},"image":{"@id":"https:\/\/hallasvilagnapja.hu\/hvn\/#\/schema\/logo\/image\/"}}]}},"_links":{"self":[{"href":"https:\/\/hallasvilagnapja.hu\/hvn\/wp-json\/wp\/v2\/pages\/599","targetHints":{"allow":["GET"]}}],"collection":[{"href":"https:\/\/hallasvilagnapja.hu\/hvn\/wp-json\/wp\/v2\/pages"}],"about":[{"href":"https:\/\/hallasvilagnapja.hu\/hvn\/wp-json\/wp\/v2\/types\/page"}],"author":[{"embeddable":true,"href":"https:\/\/hallasvilagnapja.hu\/hvn\/wp-json\/wp\/v2\/users\/1"}],"replies":[{"embeddable":true,"href":"https:\/\/hallasvilagnapja.hu\/hvn\/wp-json\/wp\/v2\/comments?post=599"}],"version-history":[{"count":3,"href":"https:\/\/hallasvilagnapja.hu\/hvn\/wp-json\/wp\/v2\/pages\/599\/revisions"}],"predecessor-version":[{"id":603,"href":"https:\/\/hallasvilagnapja.hu\/hvn\/wp-json\/wp\/v2\/pages\/599\/revisions\/603"}],"wp:attachment":[{"href":"https:\/\/hallasvilagnapja.hu\/hvn\/wp-json\/wp\/v2\/media?parent=599"}],"curies":[{"name":"wp","href":"https:\/\/api.w.org\/{rel}","templated":true}]}}